{"id":298,"date":"2017-10-27T08:50:54","date_gmt":"2017-10-27T08:50:54","guid":{"rendered":"http:\/\/andersongh.hu\/de\/?page_id=298"},"modified":"2017-10-27T08:50:54","modified_gmt":"2017-10-27T08:50:54","slug":"ueber-uns","status":"publish","type":"page","link":"https:\/\/andersongh.hu\/de\/ueber-uns\/","title":{"rendered":"\u00dcber uns"},"content":{"rendered":"<p style=\"text-align: center; font-size: 24px;\">&nbsp;<\/p>\n<p>Wir bieten im Rahmen unserer Outsourcing-Dienstleistungen umfassende B\u00fcro- Verwaltungs- und Kundendienstleistungen f\u00fcr unsere Partner<\/p>\n<p>Wir f\u00fchren unsere T\u00e4tigkeit in Ungarn, in der Stadt P\u00e9cs aus. P\u00e9cs ist eine Universit\u00e4tsstadt, die neben dem im europ\u00e4ischen Vergleich niedrigen Lohnniveau weitere Vorteile bietet, u. zw. dadurch, dass hier ziemlich viele gut gebildete junge Arbeitskr\u00e4fte in den Projekten kurzfristig engagiert werden k\u00f6nnen.  So k\u00f6nnen auch Auftr\u00e4ge mit gro\u00dfem Personalbestand, bzw. mit speziellen Ausbildungsanspr\u00fcchen ausgef\u00fchrt werden.<\/p>\n<p>Die Universit\u00e4t unserer Stadt wurde 1367, gerade vor 650 Jahren gegr\u00fcndet.<\/p>\n<p>Unser Ziel ist es zu erm\u00f6glichen, dass sich unsere Kunden ihrer wirtschaftlichen, prim\u00e4ren T\u00e4tigkeit widmen k\u00f6nnen, w\u00e4hrend die administrativen T\u00e4tigkeiten unmerkbar im Hintergrund mit gro\u00dfer Effektivit\u00e4t und bei den niedrigsten Kosten verlaufen.<\/p>\n<p>Unsere Firma ist zurzeit in erster Linie im Produktions-, Dienstleistungs- und Versandhandel-Sektor t\u00e4tig, aber wir sind gerne bereit, auch auf anderen Wirtschaftsgebieten Unterst\u00fctzung bei der Ausf\u00fchrung der Aufgaben im B\u00fcrobereich und den Kundenkontakten zu leisten. Wir nehmen auch gern Auftr\u00e4ge aus anderen europ\u00e4ischen L\u00e4ndern in deutscher und englischer Sprache entgegen.<\/p>\n","protected":false},"excerpt":{"rendered":"<p>&nbsp; Wir bieten im Rahmen unserer Outsourcing-Dienstleistungen umfassende B\u00fcro- Verwaltungs- und Kundendienstleistungen f\u00fcr unsere Partner Wir f\u00fchren unsere T\u00e4tigkeit in [&hellip;]<\/p>\n","protected":false},"author":16,"featured_media":0,"parent":0,"menu_order":0,"comment_status":"closed","ping_status":"closed","template":"template-full-custom.php","meta":{"_acf_changed":false,"_monsterinsights_skip_tracking":false,"_monsterinsights_sitenote_active":false,"_monsterinsights_sitenote_note":"","_monsterinsights_sitenote_category":0,"ngg_post_thumbnail":0,"footnotes":""},"class_list":["post-298","page","type-page","status-publish","hentry"],"acf":[],"yoast_head":"<!-- This site is optimized with the Yoast SEO plugin v26.3 - https:\/\/yoast.com\/wordpress\/plugins\/seo\/ -->\n<title>\u00dcber uns - Anderson Group Hungary<\/title>\n<meta name=\"robots\" content=\"index, follow, max-snippet:-1, max-image-preview:large, max-video-preview:-1\" \/>\n<link rel=\"canonical\" href=\"https:\/\/andersongh.hu\/ueber-uns\/\" \/>\n<meta property=\"og:locale\" content=\"de_DE\" \/>\n<meta property=\"og:type\" content=\"article\" \/>\n<meta property=\"og:title\" content=\"\u00dcber uns - Anderson Group Hungary\" \/>\n<meta property=\"og:description\" content=\"&nbsp; Wir bieten im Rahmen unserer Outsourcing-Dienstleistungen umfassende B\u00fcro- Verwaltungs- und Kundendienstleistungen f\u00fcr unsere Partner Wir f\u00fchren unsere T\u00e4tigkeit in [&hellip;]\" \/>\n<meta property=\"og:url\" content=\"https:\/\/andersongh.hu\/ueber-uns\/\" \/>\n<meta property=\"og:site_name\" content=\"Anderson Group Hungary\" \/>\n<meta name=\"twitter:card\" content=\"summary_large_image\" \/>\n<meta name=\"twitter:label1\" content=\"Gesch\u00e4tzte Lesezeit\" \/>\n\t<meta name=\"twitter:data1\" content=\"1\u00a0Minute\" \/>\n<script type=\"application\/ld+json\" class=\"yoast-schema-graph\">{\"@context\":\"https:\/\/schema.org\",\"@graph\":[{\"@type\":\"WebPage\",\"@id\":\"https:\/\/andersongh.hu\/ueber-uns\/\",\"url\":\"https:\/\/andersongh.hu\/ueber-uns\/\",\"name\":\"\u00dcber uns - Anderson Group Hungary\",\"isPartOf\":{\"@id\":\"https:\/\/andersongh.hu\/#website\"},\"datePublished\":\"2017-10-27T08:50:54+00:00\",\"breadcrumb\":{\"@id\":\"https:\/\/andersongh.hu\/ueber-uns\/#breadcrumb\"},\"inLanguage\":\"de\",\"potentialAction\":[{\"@type\":\"ReadAction\",\"target\":[\"https:\/\/andersongh.hu\/ueber-uns\/\"]}]},{\"@type\":\"BreadcrumbList\",\"@id\":\"https:\/\/andersongh.hu\/ueber-uns\/#breadcrumb\",\"itemListElement\":[{\"@type\":\"ListItem\",\"position\":1,\"name\":\"Kezd\u0151lap\",\"item\":\"https:\/\/andersongh.hu\/\"},{\"@type\":\"ListItem\",\"position\":2,\"name\":\"\u00dcber uns\"}]},{\"@type\":\"WebSite\",\"@id\":\"https:\/\/andersongh.hu\/#website\",\"url\":\"https:\/\/andersongh.hu\/\",\"name\":\"Anderson Group Hungary\",\"description\":\"\",\"potentialAction\":[{\"@type\":\"SearchAction\",\"target\":{\"@type\":\"EntryPoint\",\"urlTemplate\":\"https:\/\/andersongh.hu\/?s={search_term_string}\"},\"query-input\":{\"@type\":\"PropertyValueSpecification\",\"valueRequired\":true,\"valueName\":\"search_term_string\"}}],\"inLanguage\":\"de\"}]}<\/script>\n<!-- \/ Yoast SEO plugin. -->","yoast_head_json":{"title":"\u00dcber uns - Anderson Group Hungary","robots":{"index":"index","follow":"follow","max-snippet":"max-snippet:-1","max-image-preview":"max-image-preview:large","max-video-preview":"max-video-preview:-1"},"canonical":"https:\/\/andersongh.hu\/ueber-uns\/","og_locale":"de_DE","og_type":"article","og_title":"\u00dcber uns - Anderson Group Hungary","og_description":"&nbsp; Wir bieten im Rahmen unserer Outsourcing-Dienstleistungen umfassende B\u00fcro- Verwaltungs- und Kundendienstleistungen f\u00fcr unsere Partner Wir f\u00fchren unsere T\u00e4tigkeit in [&hellip;]","og_url":"https:\/\/andersongh.hu\/ueber-uns\/","og_site_name":"Anderson Group Hungary","twitter_card":"summary_large_image","twitter_misc":{"Gesch\u00e4tzte Lesezeit":"1\u00a0Minute"},"schema":{"@context":"https:\/\/schema.org","@graph":[{"@type":"WebPage","@id":"https:\/\/andersongh.hu\/ueber-uns\/","url":"https:\/\/andersongh.hu\/ueber-uns\/","name":"\u00dcber uns - Anderson Group Hungary","isPartOf":{"@id":"https:\/\/andersongh.hu\/#website"},"datePublished":"2017-10-27T08:50:54+00:00","breadcrumb":{"@id":"https:\/\/andersongh.hu\/ueber-uns\/#breadcrumb"},"inLanguage":"de","potentialAction":[{"@type":"ReadAction","target":["https:\/\/andersongh.hu\/ueber-uns\/"]}]},{"@type":"BreadcrumbList","@id":"https:\/\/andersongh.hu\/ueber-uns\/#breadcrumb","itemListElement":[{"@type":"ListItem","position":1,"name":"Kezd\u0151lap","item":"https:\/\/andersongh.hu\/"},{"@type":"ListItem","position":2,"name":"\u00dcber uns"}]},{"@type":"WebSite","@id":"https:\/\/andersongh.hu\/#website","url":"https:\/\/andersongh.hu\/","name":"Anderson Group Hungary","description":"","potentialAction":[{"@type":"SearchAction","target":{"@type":"EntryPoint","urlTemplate":"https:\/\/andersongh.hu\/?s={search_term_string}"},"query-input":{"@type":"PropertyValueSpecification","valueRequired":true,"valueName":"search_term_string"}}],"inLanguage":"de"}]}},"_links":{"self":[{"href":"https:\/\/andersongh.hu\/de\/wp-json\/wp\/v2\/pages\/298","targetHints":{"allow":["GET"]}}],"collection":[{"href":"https:\/\/andersongh.hu\/de\/wp-json\/wp\/v2\/pages"}],"about":[{"href":"https:\/\/andersongh.hu\/de\/wp-json\/wp\/v2\/types\/page"}],"author":[{"embeddable":true,"href":"https:\/\/andersongh.hu\/de\/wp-json\/wp\/v2\/users\/16"}],"replies":[{"embeddable":true,"href":"https:\/\/andersongh.hu\/de\/wp-json\/wp\/v2\/comments?post=298"}],"version-history":[{"count":1,"href":"https:\/\/andersongh.hu\/de\/wp-json\/wp\/v2\/pages\/298\/revisions"}],"predecessor-version":[{"id":299,"href":"https:\/\/andersongh.hu\/de\/wp-json\/wp\/v2\/pages\/298\/revisions\/299"}],"wp:attachment":[{"href":"https:\/\/andersongh.hu\/de\/wp-json\/wp\/v2\/media?parent=298"}],"curies":[{"name":"wp","href":"https:\/\/api.w.org\/{rel}","templated":true}]}}