{"id":2963,"date":"2023-11-28T10:00:14","date_gmt":"2023-11-28T10:00:14","guid":{"rendered":"https:\/\/andersongh.hu\/?page_id=2963"},"modified":"2023-11-29T22:03:36","modified_gmt":"2023-11-29T22:03:36","slug":"firmenvertretung","status":"publish","type":"page","link":"https:\/\/andersongh.hu\/de\/firmenvertretung\/","title":{"rendered":"Firmenvertretung"},"content":{"rendered":"\n<p class=\"has-large-font-size\">Firmenvertretung in Ungarn<\/p>\n\n\n\n<p class=\"has-medium-font-size\">Gr\u00fcnden Sie eine Firmenvertretung schneller und g\u00fcnstiger in Ungarn<br>Starten Sie Ihre Vertretung mit bis zu 1-2 Wochen Vorlaufzeit<\/p>\n\n\n\n<p>Die Anderson Group kann sich um all Ihre Bed\u00fcrfnisse in den Bereichen Kundenservice, Kundenbeziehung und Back Office k\u00fcmmern.<br>Wir k\u00f6nnen unseren Auftraggebern den ganzen B\u00fcrobereich vollst\u00e4ndig ersetzen.<br>Unser Unternehmen verf\u00fcgt \u00fcber eine eigene 5-k\u00f6pfige Anwaltskanzlei, so k\u00f6nnen wir bei Bedarf Ihre rechtliche Vertretung sicherstellen.<\/p>\n\n\n\n<p class=\"has-medium-font-size\">Unsere Vorteile f\u00fcr Unternehmen, die aus dem Ausland in unser Land kommen:<\/p>\n\n\n\n<ul class=\"wp-block-list\">\n<li><strong>Sie m\u00fcssen nicht in Immobilien und Ausr\u00fcstung investieren<\/strong> &#8211; wir stellen die komplette B\u00fcroinfrastruktur zur Verf\u00fcgung<\/li>\n\n\n\n<li><strong>Sie m\u00fcssen kein Personal einstellen und verwalten<\/strong> \u2013 umgehend erhalten sie qualifizierte Arbeitskr\u00e4fte<\/li>\n\n\n\n<li><strong>Der Aufbau einer Firmenvertretung nimmt viel weniger Zeit in Anspruch<\/strong> &#8211; es ist nur eine Schulung erforderlich, alles andere wird bereitgestellt<\/li>\n\n\n\n<li><strong>Ortskenntnis, sofortige Kontakte<\/strong> &#8211; wir bieten Ihnen vom ersten Tag unser starkes Netzwerk von Kontakten an<\/li>\n\n\n\n<li><strong>Wir bieten Rechtsvertretung, Rechtsberatung auf der Grundlage des ungarischen Rechtssystems<\/strong><\/li>\n<\/ul>\n\n\n\n<p><\/p>\n\n\n\n<p class=\"has-medium-font-size\">Vertrauen:<\/p>\n\n\n\n<ul class=\"wp-block-list\">\n<li>Unser Unternehmen wurde 2008 gegr\u00fcndet und arbeitet seitdem \u00fcbersichtlich und transparent<\/li>\n\n\n\n<li>Wir sind Mitglied des Innovations- und Technologieausschusses der Industrie- und Handelskammer des Komitats Baranya<\/li>\n<\/ul>\n\n\n\n<p><\/p>\n\n\n\n<p class=\"has-medium-font-size\">Einige unserer Referenzen:<\/p>\n\n\n\n<ul class=\"wp-block-list\">\n<li>MOL-Gruppe<\/li>\n\n\n\n<li>Universit\u00e4t P\u00e9cs<\/li>\n\n\n\n<li>Ministerium f\u00fcr Innovation und Technologie<\/li>\n<\/ul>\n\n\n\n<p><\/p>\n\n\n\n<p><a href=\"\/de\/kontaktformular\">Interessiert an der Gelegenheit<\/a><\/p>\n","protected":false},"excerpt":{"rendered":"<p>Firmenvertretung in Ungarn Gr\u00fcnden Sie eine Firmenvertretung schneller und g\u00fcnstiger in UngarnStarten Sie Ihre Vertretung mit bis zu 1-2 Wochen [&hellip;]<\/p>\n","protected":false},"author":16,"featured_media":0,"parent":0,"menu_order":0,"comment_status":"closed","ping_status":"closed","template":"","meta":{"_acf_changed":false,"_monsterinsights_skip_tracking":false,"_monsterinsights_sitenote_active":false,"_monsterinsights_sitenote_note":"","_monsterinsights_sitenote_category":0,"ngg_post_thumbnail":0,"footnotes":""},"class_list":["post-2963","page","type-page","status-publish","hentry"],"acf":[],"yoast_head":"<!-- This site is optimized with the Yoast SEO plugin v26.3 - https:\/\/yoast.com\/wordpress\/plugins\/seo\/ -->\n<title>Firmenvertretung - Anderson Group Hungary<\/title>\n<meta name=\"robots\" content=\"index, follow, max-snippet:-1, max-image-preview:large, max-video-preview:-1\" \/>\n<link rel=\"canonical\" href=\"https:\/\/andersongh.hu\/de\/firmenvertretung\/\" \/>\n<meta property=\"og:locale\" content=\"de_DE\" \/>\n<meta property=\"og:type\" content=\"article\" \/>\n<meta property=\"og:title\" content=\"Firmenvertretung - Anderson Group Hungary\" \/>\n<meta property=\"og:description\" content=\"Firmenvertretung in Ungarn Gr\u00fcnden Sie eine Firmenvertretung schneller und g\u00fcnstiger in UngarnStarten Sie Ihre Vertretung mit bis zu 1-2 Wochen [&hellip;]\" \/>\n<meta property=\"og:url\" content=\"https:\/\/andersongh.hu\/de\/firmenvertretung\/\" \/>\n<meta property=\"og:site_name\" content=\"Anderson Group Hungary\" \/>\n<meta property=\"article:modified_time\" content=\"2023-11-29T22:03:36+00:00\" \/>\n<meta name=\"twitter:card\" content=\"summary_large_image\" \/>\n<meta name=\"twitter:label1\" content=\"Gesch\u00e4tzte Lesezeit\" \/>\n\t<meta name=\"twitter:data1\" content=\"1\u00a0Minute\" \/>\n<script type=\"application\/ld+json\" class=\"yoast-schema-graph\">{\"@context\":\"https:\/\/schema.org\",\"@graph\":[{\"@type\":\"WebPage\",\"@id\":\"https:\/\/andersongh.hu\/de\/firmenvertretung\/\",\"url\":\"https:\/\/andersongh.hu\/de\/firmenvertretung\/\",\"name\":\"Firmenvertretung - Anderson Group Hungary\",\"isPartOf\":{\"@id\":\"https:\/\/andersongh.hu\/#website\"},\"datePublished\":\"2023-11-28T10:00:14+00:00\",\"dateModified\":\"2023-11-29T22:03:36+00:00\",\"breadcrumb\":{\"@id\":\"https:\/\/andersongh.hu\/de\/firmenvertretung\/#breadcrumb\"},\"inLanguage\":\"de\",\"potentialAction\":[{\"@type\":\"ReadAction\",\"target\":[\"https:\/\/andersongh.hu\/de\/firmenvertretung\/\"]}]},{\"@type\":\"BreadcrumbList\",\"@id\":\"https:\/\/andersongh.hu\/de\/firmenvertretung\/#breadcrumb\",\"itemListElement\":[{\"@type\":\"ListItem\",\"position\":1,\"name\":\"Kezd\u0151lap\",\"item\":\"https:\/\/andersongh.hu\/\"},{\"@type\":\"ListItem\",\"position\":2,\"name\":\"Firmenvertretung\"}]},{\"@type\":\"WebSite\",\"@id\":\"https:\/\/andersongh.hu\/#website\",\"url\":\"https:\/\/andersongh.hu\/\",\"name\":\"Anderson Group Hungary\",\"description\":\"\",\"potentialAction\":[{\"@type\":\"SearchAction\",\"target\":{\"@type\":\"EntryPoint\",\"urlTemplate\":\"https:\/\/andersongh.hu\/?s={search_term_string}\"},\"query-input\":{\"@type\":\"PropertyValueSpecification\",\"valueRequired\":true,\"valueName\":\"search_term_string\"}}],\"inLanguage\":\"de\"}]}<\/script>\n<!-- \/ Yoast SEO plugin. -->","yoast_head_json":{"title":"Firmenvertretung - Anderson Group Hungary","robots":{"index":"index","follow":"follow","max-snippet":"max-snippet:-1","max-image-preview":"max-image-preview:large","max-video-preview":"max-video-preview:-1"},"canonical":"https:\/\/andersongh.hu\/de\/firmenvertretung\/","og_locale":"de_DE","og_type":"article","og_title":"Firmenvertretung - Anderson Group Hungary","og_description":"Firmenvertretung in Ungarn Gr\u00fcnden Sie eine Firmenvertretung schneller und g\u00fcnstiger in UngarnStarten Sie Ihre Vertretung mit bis zu 1-2 Wochen [&hellip;]","og_url":"https:\/\/andersongh.hu\/de\/firmenvertretung\/","og_site_name":"Anderson Group Hungary","article_modified_time":"2023-11-29T22:03:36+00:00","twitter_card":"summary_large_image","twitter_misc":{"Gesch\u00e4tzte Lesezeit":"1\u00a0Minute"},"schema":{"@context":"https:\/\/schema.org","@graph":[{"@type":"WebPage","@id":"https:\/\/andersongh.hu\/de\/firmenvertretung\/","url":"https:\/\/andersongh.hu\/de\/firmenvertretung\/","name":"Firmenvertretung - Anderson Group Hungary","isPartOf":{"@id":"https:\/\/andersongh.hu\/#website"},"datePublished":"2023-11-28T10:00:14+00:00","dateModified":"2023-11-29T22:03:36+00:00","breadcrumb":{"@id":"https:\/\/andersongh.hu\/de\/firmenvertretung\/#breadcrumb"},"inLanguage":"de","potentialAction":[{"@type":"ReadAction","target":["https:\/\/andersongh.hu\/de\/firmenvertretung\/"]}]},{"@type":"BreadcrumbList","@id":"https:\/\/andersongh.hu\/de\/firmenvertretung\/#breadcrumb","itemListElement":[{"@type":"ListItem","position":1,"name":"Kezd\u0151lap","item":"https:\/\/andersongh.hu\/"},{"@type":"ListItem","position":2,"name":"Firmenvertretung"}]},{"@type":"WebSite","@id":"https:\/\/andersongh.hu\/#website","url":"https:\/\/andersongh.hu\/","name":"Anderson Group Hungary","description":"","potentialAction":[{"@type":"SearchAction","target":{"@type":"EntryPoint","urlTemplate":"https:\/\/andersongh.hu\/?s={search_term_string}"},"query-input":{"@type":"PropertyValueSpecification","valueRequired":true,"valueName":"search_term_string"}}],"inLanguage":"de"}]}},"_links":{"self":[{"href":"https:\/\/andersongh.hu\/de\/wp-json\/wp\/v2\/pages\/2963","targetHints":{"allow":["GET"]}}],"collection":[{"href":"https:\/\/andersongh.hu\/de\/wp-json\/wp\/v2\/pages"}],"about":[{"href":"https:\/\/andersongh.hu\/de\/wp-json\/wp\/v2\/types\/page"}],"author":[{"embeddable":true,"href":"https:\/\/andersongh.hu\/de\/wp-json\/wp\/v2\/users\/16"}],"replies":[{"embeddable":true,"href":"https:\/\/andersongh.hu\/de\/wp-json\/wp\/v2\/comments?post=2963"}],"version-history":[{"count":7,"href":"https:\/\/andersongh.hu\/de\/wp-json\/wp\/v2\/pages\/2963\/revisions"}],"predecessor-version":[{"id":2999,"href":"https:\/\/andersongh.hu\/de\/wp-json\/wp\/v2\/pages\/2963\/revisions\/2999"}],"wp:attachment":[{"href":"https:\/\/andersongh.hu\/de\/wp-json\/wp\/v2\/media?parent=2963"}],"curies":[{"name":"wp","href":"https:\/\/api.w.org\/{rel}","templated":true}]}}