{"id":295,"date":"2017-10-27T08:37:45","date_gmt":"2017-10-27T08:37:45","guid":{"rendered":"http:\/\/andersongh.hu\/de\/?page_id=295"},"modified":"2017-10-27T09:09:12","modified_gmt":"2017-10-27T09:09:12","slug":"dienstleistungen","status":"publish","type":"page","link":"https:\/\/andersongh.hu\/de\/dienstleistungen\/","title":{"rendered":"Dienstleistungen"},"content":{"rendered":"<p style=\"text-align: center; font-size: 24px;\">&nbsp;<\/p>\n<h2 class=\"page-heading\">Unsere Dienstleistungen<\/h2>\n<ul>\n<li><strong>Back Office Leistungen f\u00fcr die Sekund\u00e4rprozesse<\/strong> \u2013 hierzu geh\u00f6ren alle unterst\u00fctzende und zus\u00e4tzliche T\u00e4tigkeiten, die die Hauptt\u00e4tigkeit im B\u00fcrobereich erg\u00e4nzen: Verarbeitung von Bestellungen, Vertr\u00e4ge, Berichte, Analysen.  Unterst\u00fctzung der Mitarbeiter im Vertrieb, Summierung der von ihnen eingehenden Informationen und Daten, Weiterleitung der Ergebnisse.<\/li>\n<li><strong>Verwaltungs- und B\u00fcrot\u00e4tigkeiten<\/strong> \u2013 alle T\u00e4tigkeiten, f\u00fcr die keine pers\u00f6nliche Anwesenheit am Standort des Auftraggebers notwendig ist. Datenverarbeitung, Aufladung von Daten in die entsprechenden Systeme, Modifizierung und Aktualisierung der Daten. Recherchieren und Datenerhebung vom Internet und aus Datenbanken, sowie Schriftgutverwaltung und Digitalisierung.<\/li>\n<li><strong>Kundendienst, Call Center<\/strong> \u2013 Erf\u00fcllung der Aufgaben per Telefon, online und per E-Mail. \u00dcbernahme der nicht-pers\u00f6nlichen Kundenkontakt-Aufgaben. Kommunikation mit den Partnern telefonisch, per E-Mail und per Post. Professionelles Feedback und Kommunikation.<\/li>\n<li><strong>HR-Dienstleistungen<\/strong> \u2013 Wir organisieren f\u00fcr die Personalbeschaffung die Rekrutierungs- und Anstellungsprozesse: Registrierung der Bewerber, Durchf\u00fchrung von Telefoninterviews und der Vorauswahl.<\/li>\n<\/ul>\n<p>&nbsp;<\/p>\n","protected":false},"excerpt":{"rendered":"<p>&nbsp; Unsere Dienstleistungen Back Office Leistungen f\u00fcr die Sekund\u00e4rprozesse \u2013 hierzu geh\u00f6ren alle unterst\u00fctzende und zus\u00e4tzliche T\u00e4tigkeiten, die die Hauptt\u00e4tigkeit [&hellip;]<\/p>\n","protected":false},"author":16,"featured_media":0,"parent":0,"menu_order":0,"comment_status":"closed","ping_status":"closed","template":"template-full-custom.php","meta":{"_acf_changed":false,"_monsterinsights_skip_tracking":false,"_monsterinsights_sitenote_active":false,"_monsterinsights_sitenote_note":"","_monsterinsights_sitenote_category":0,"ngg_post_thumbnail":0,"footnotes":""},"class_list":["post-295","page","type-page","status-publish","hentry"],"acf":[],"yoast_head":"<!-- This site is optimized with the Yoast SEO plugin v26.3 - https:\/\/yoast.com\/wordpress\/plugins\/seo\/ -->\n<title>Dienstleistungen - Anderson Group Hungary<\/title>\n<meta name=\"robots\" content=\"index, follow, max-snippet:-1, max-image-preview:large, max-video-preview:-1\" \/>\n<link rel=\"canonical\" href=\"https:\/\/andersongh.hu\/dienstleistungen\/\" \/>\n<meta property=\"og:locale\" content=\"de_DE\" \/>\n<meta property=\"og:type\" content=\"article\" \/>\n<meta property=\"og:title\" content=\"Dienstleistungen - Anderson Group Hungary\" \/>\n<meta property=\"og:description\" content=\"&nbsp; Unsere Dienstleistungen Back Office Leistungen f\u00fcr die Sekund\u00e4rprozesse \u2013 hierzu geh\u00f6ren alle unterst\u00fctzende und zus\u00e4tzliche T\u00e4tigkeiten, die die Hauptt\u00e4tigkeit [&hellip;]\" \/>\n<meta property=\"og:url\" content=\"https:\/\/andersongh.hu\/dienstleistungen\/\" \/>\n<meta property=\"og:site_name\" content=\"Anderson Group Hungary\" \/>\n<meta property=\"article:modified_time\" content=\"2017-10-27T09:09:12+00:00\" \/>\n<meta name=\"twitter:card\" content=\"summary_large_image\" \/>\n<meta name=\"twitter:label1\" content=\"Gesch\u00e4tzte Lesezeit\" \/>\n\t<meta name=\"twitter:data1\" content=\"1\u00a0Minute\" \/>\n<script type=\"application\/ld+json\" class=\"yoast-schema-graph\">{\"@context\":\"https:\/\/schema.org\",\"@graph\":[{\"@type\":\"WebPage\",\"@id\":\"https:\/\/andersongh.hu\/dienstleistungen\/\",\"url\":\"https:\/\/andersongh.hu\/dienstleistungen\/\",\"name\":\"Dienstleistungen - Anderson Group Hungary\",\"isPartOf\":{\"@id\":\"https:\/\/andersongh.hu\/#website\"},\"datePublished\":\"2017-10-27T08:37:45+00:00\",\"dateModified\":\"2017-10-27T09:09:12+00:00\",\"breadcrumb\":{\"@id\":\"https:\/\/andersongh.hu\/dienstleistungen\/#breadcrumb\"},\"inLanguage\":\"de\",\"potentialAction\":[{\"@type\":\"ReadAction\",\"target\":[\"https:\/\/andersongh.hu\/dienstleistungen\/\"]}]},{\"@type\":\"BreadcrumbList\",\"@id\":\"https:\/\/andersongh.hu\/dienstleistungen\/#breadcrumb\",\"itemListElement\":[{\"@type\":\"ListItem\",\"position\":1,\"name\":\"Kezd\u0151lap\",\"item\":\"https:\/\/andersongh.hu\/\"},{\"@type\":\"ListItem\",\"position\":2,\"name\":\"Dienstleistungen\"}]},{\"@type\":\"WebSite\",\"@id\":\"https:\/\/andersongh.hu\/#website\",\"url\":\"https:\/\/andersongh.hu\/\",\"name\":\"Anderson Group Hungary\",\"description\":\"\",\"potentialAction\":[{\"@type\":\"SearchAction\",\"target\":{\"@type\":\"EntryPoint\",\"urlTemplate\":\"https:\/\/andersongh.hu\/?s={search_term_string}\"},\"query-input\":{\"@type\":\"PropertyValueSpecification\",\"valueRequired\":true,\"valueName\":\"search_term_string\"}}],\"inLanguage\":\"de\"}]}<\/script>\n<!-- \/ Yoast SEO plugin. -->","yoast_head_json":{"title":"Dienstleistungen - Anderson Group Hungary","robots":{"index":"index","follow":"follow","max-snippet":"max-snippet:-1","max-image-preview":"max-image-preview:large","max-video-preview":"max-video-preview:-1"},"canonical":"https:\/\/andersongh.hu\/dienstleistungen\/","og_locale":"de_DE","og_type":"article","og_title":"Dienstleistungen - Anderson Group Hungary","og_description":"&nbsp; Unsere Dienstleistungen Back Office Leistungen f\u00fcr die Sekund\u00e4rprozesse \u2013 hierzu geh\u00f6ren alle unterst\u00fctzende und zus\u00e4tzliche T\u00e4tigkeiten, die die Hauptt\u00e4tigkeit [&hellip;]","og_url":"https:\/\/andersongh.hu\/dienstleistungen\/","og_site_name":"Anderson Group Hungary","article_modified_time":"2017-10-27T09:09:12+00:00","twitter_card":"summary_large_image","twitter_misc":{"Gesch\u00e4tzte Lesezeit":"1\u00a0Minute"},"schema":{"@context":"https:\/\/schema.org","@graph":[{"@type":"WebPage","@id":"https:\/\/andersongh.hu\/dienstleistungen\/","url":"https:\/\/andersongh.hu\/dienstleistungen\/","name":"Dienstleistungen - Anderson Group Hungary","isPartOf":{"@id":"https:\/\/andersongh.hu\/#website"},"datePublished":"2017-10-27T08:37:45+00:00","dateModified":"2017-10-27T09:09:12+00:00","breadcrumb":{"@id":"https:\/\/andersongh.hu\/dienstleistungen\/#breadcrumb"},"inLanguage":"de","potentialAction":[{"@type":"ReadAction","target":["https:\/\/andersongh.hu\/dienstleistungen\/"]}]},{"@type":"BreadcrumbList","@id":"https:\/\/andersongh.hu\/dienstleistungen\/#breadcrumb","itemListElement":[{"@type":"ListItem","position":1,"name":"Kezd\u0151lap","item":"https:\/\/andersongh.hu\/"},{"@type":"ListItem","position":2,"name":"Dienstleistungen"}]},{"@type":"WebSite","@id":"https:\/\/andersongh.hu\/#website","url":"https:\/\/andersongh.hu\/","name":"Anderson Group Hungary","description":"","potentialAction":[{"@type":"SearchAction","target":{"@type":"EntryPoint","urlTemplate":"https:\/\/andersongh.hu\/?s={search_term_string}"},"query-input":{"@type":"PropertyValueSpecification","valueRequired":true,"valueName":"search_term_string"}}],"inLanguage":"de"}]}},"_links":{"self":[{"href":"https:\/\/andersongh.hu\/de\/wp-json\/wp\/v2\/pages\/295","targetHints":{"allow":["GET"]}}],"collection":[{"href":"https:\/\/andersongh.hu\/de\/wp-json\/wp\/v2\/pages"}],"about":[{"href":"https:\/\/andersongh.hu\/de\/wp-json\/wp\/v2\/types\/page"}],"author":[{"embeddable":true,"href":"https:\/\/andersongh.hu\/de\/wp-json\/wp\/v2\/users\/16"}],"replies":[{"embeddable":true,"href":"https:\/\/andersongh.hu\/de\/wp-json\/wp\/v2\/comments?post=295"}],"version-history":[{"count":3,"href":"https:\/\/andersongh.hu\/de\/wp-json\/wp\/v2\/pages\/295\/revisions"}],"predecessor-version":[{"id":318,"href":"https:\/\/andersongh.hu\/de\/wp-json\/wp\/v2\/pages\/295\/revisions\/318"}],"wp:attachment":[{"href":"https:\/\/andersongh.hu\/de\/wp-json\/wp\/v2\/media?parent=295"}],"curies":[{"name":"wp","href":"https:\/\/api.w.org\/{rel}","templated":true}]}}