{"id":287,"date":"2017-10-27T08:28:28","date_gmt":"2017-10-27T08:28:28","guid":{"rendered":"http:\/\/andersongh.hu\/de\/?page_id=287"},"modified":"2017-10-27T08:35:04","modified_gmt":"2017-10-27T08:35:04","slug":"warum-ist-es-das-wert","status":"publish","type":"page","link":"https:\/\/andersongh.hu\/de\/warum-ist-es-das-wert\/","title":{"rendered":"Warum ist es das wert?"},"content":{"rendered":"<p style=\"text-align: center; font-size: 24px;\">&nbsp;<\/p>\n<p>Die T\u00e4tigkeiten im B\u00fcrobereich bedeuten bei fast allen Firmen eine neben der Kernt\u00e4tigkeit obligatorisch verlaufende Belastung, die bei einem m\u00f6glichst minimalen Aufwand gel\u00f6st werden m\u00fcsste.<\/p>\n<p>Im Rahmen des Outsourcing \u00fcbernehmen wir diese organisatorischen Aufgaben, damit Sie mehr Ressourcen f\u00fcr ihre Hauptt\u00e4tigkeit bewahren, was die Wirtschaftlichkeit Ihres Unternehmens sichert, wobei Sie auch noch bedeutenden Kostenersparnisse erreichen k\u00f6nnen.<\/p>\n<p>Die Kosten, die mit dem Personal zusammenh\u00e4ngen, werden bei nicht allen Unternehmen bis ins Detail geplant und berechnet. In der untenstehenden Tabelle sind alle m\u00f6glich anfallenden Kosten zu sehen, die eher oder sp\u00e4ter gr\u00f6\u00dftenteils bei allen Firmen erscheinen k\u00f6nnen.  <\/p>\n<p>Sie k\u00f6nnen die konkreten Zahlen Ihrer eigenen Firma eintragen, so werden diese Kosten in ihrer Komplexit\u00e4t sichtbar.<\/p>\n<table class=\"expenses-table\">\n<thead>\n<tr>\n<th colspan=\"2\">Kostenposten<\/th>\n<\/tr>\n<\/thead>\n<tbody>\n<tr>\n<td class=\"row-lead\">prim\u00e4re Kosten<\/td>\n<td class=\"row-expenses-list\">\n<ul>\n<li>Lohn<\/li>\n<li>zus\u00e4tzliche Personalkosten<\/li>\n<li>Lohnnebenkosten<\/li>\n<li>Kosten von Papier- und Schreibwaren, Formularen und Druckmaterial<\/li>\n<li>Telekommunikationskosten  (Telefonkosten im Festnetz und Mobilfunknetz, Internetkosten) <\/li>\n<li>Buchhaltung und Lohnabrechnung&nbsp;<\/li>\n<\/ul>\n<\/td>\n<\/tr>\n<tr>\n<td class=\"row-lead\">Kosten der IT-Ger\u00e4te<\/td>\n<td class=\"row-expenses-list\">\n<ul>\n<li>Notebook oder PC<\/li>\n<li>Festnetzapparate<\/li>\n<li>Korrespondenz<\/li>\n<li>Handys<\/li>\n<li>Software f\u00fcr die Unternehmensf\u00fchrung<\/li>\n<li>Netzzugangskosten<\/li>\n<li>sonstige Softwarekosten<\/li>\n<li>Drucker<\/li>\n<li>IT-Betriebskosten<\/li>\n<\/ul>\n<\/td>\n<\/tr>\n<tr>\n<td class=\"row-lead\">Immobilienkosten<\/td>\n<td class=\"row-expenses-list\">\n<ul>\n<li>Mietkosten<\/li>\n<li>Instandhaltung, Reinigungskosten<\/li>\n<li>Nebenkosten f\u00fcr Wasser- und Kanalisationsversorgung, Gas- und Strom<\/li>\n<li>Sonstige Kosten im Zusammenhang mit den Immobilien und den zus\u00e4tzlichen Dienstleistungen<\/li>\n<li>M\u00f6bel und Einrichtungen<\/li>\n<\/ul>\n<\/td>\n<\/tr>\n<tr>\n<td class=\"row-lead\">Kosten von Ad-Hoc-Prozessen<\/td>\n<td class=\"row-expenses-list\">\n<ul>\n<li>juristische Vertretung<\/li>\n<li>Arbeitsrechtliche Prozesse<\/li>\n<li>Personalbeschaffung und Anstellung<\/li>\n<li>Entlassungsabfindung<\/li>\n<li>Krankengeldkosten<\/li>\n<li>Ausbildungskosten<\/li>\n<\/ul>\n<\/td>\n<\/tr>\n<\/tbody>\n<\/table>\n<p style=\"text-align: center; font-size: 24px;\">&nbsp;<\/p>\n","protected":false},"excerpt":{"rendered":"<p>&nbsp; Die T\u00e4tigkeiten im B\u00fcrobereich bedeuten bei fast allen Firmen eine neben der Kernt\u00e4tigkeit obligatorisch verlaufende Belastung, die bei einem [&hellip;]<\/p>\n","protected":false},"author":16,"featured_media":0,"parent":0,"menu_order":0,"comment_status":"closed","ping_status":"closed","template":"template-full-custom.php","meta":{"_acf_changed":false,"_monsterinsights_skip_tracking":false,"_monsterinsights_sitenote_active":false,"_monsterinsights_sitenote_note":"","_monsterinsights_sitenote_category":0,"ngg_post_thumbnail":0,"footnotes":""},"class_list":["post-287","page","type-page","status-publish","hentry"],"acf":[],"yoast_head":"<!-- This site is optimized with the Yoast SEO plugin v26.3 - https:\/\/yoast.com\/wordpress\/plugins\/seo\/ -->\n<title>Warum ist es das wert? - Anderson Group Hungary<\/title>\n<meta name=\"robots\" content=\"index, follow, max-snippet:-1, max-image-preview:large, max-video-preview:-1\" \/>\n<link rel=\"canonical\" href=\"https:\/\/andersongh.hu\/warum-ist-es-das-wert\/\" \/>\n<meta property=\"og:locale\" content=\"de_DE\" \/>\n<meta property=\"og:type\" content=\"article\" \/>\n<meta property=\"og:title\" content=\"Warum ist es das wert? - Anderson Group Hungary\" \/>\n<meta property=\"og:description\" content=\"&nbsp; Die T\u00e4tigkeiten im B\u00fcrobereich bedeuten bei fast allen Firmen eine neben der Kernt\u00e4tigkeit obligatorisch verlaufende Belastung, die bei einem [&hellip;]\" \/>\n<meta property=\"og:url\" content=\"https:\/\/andersongh.hu\/warum-ist-es-das-wert\/\" \/>\n<meta property=\"og:site_name\" content=\"Anderson Group Hungary\" \/>\n<meta property=\"article:modified_time\" content=\"2017-10-27T08:35:04+00:00\" \/>\n<meta name=\"twitter:card\" content=\"summary_large_image\" \/>\n<meta name=\"twitter:label1\" content=\"Gesch\u00e4tzte Lesezeit\" \/>\n\t<meta name=\"twitter:data1\" content=\"1\u00a0Minute\" \/>\n<script type=\"application\/ld+json\" class=\"yoast-schema-graph\">{\"@context\":\"https:\/\/schema.org\",\"@graph\":[{\"@type\":\"WebPage\",\"@id\":\"https:\/\/andersongh.hu\/warum-ist-es-das-wert\/\",\"url\":\"https:\/\/andersongh.hu\/warum-ist-es-das-wert\/\",\"name\":\"Warum ist es das wert? - Anderson Group Hungary\",\"isPartOf\":{\"@id\":\"https:\/\/andersongh.hu\/#website\"},\"datePublished\":\"2017-10-27T08:28:28+00:00\",\"dateModified\":\"2017-10-27T08:35:04+00:00\",\"breadcrumb\":{\"@id\":\"https:\/\/andersongh.hu\/warum-ist-es-das-wert\/#breadcrumb\"},\"inLanguage\":\"de\",\"potentialAction\":[{\"@type\":\"ReadAction\",\"target\":[\"https:\/\/andersongh.hu\/warum-ist-es-das-wert\/\"]}]},{\"@type\":\"BreadcrumbList\",\"@id\":\"https:\/\/andersongh.hu\/warum-ist-es-das-wert\/#breadcrumb\",\"itemListElement\":[{\"@type\":\"ListItem\",\"position\":1,\"name\":\"Kezd\u0151lap\",\"item\":\"https:\/\/andersongh.hu\/\"},{\"@type\":\"ListItem\",\"position\":2,\"name\":\"Warum ist es das wert?\"}]},{\"@type\":\"WebSite\",\"@id\":\"https:\/\/andersongh.hu\/#website\",\"url\":\"https:\/\/andersongh.hu\/\",\"name\":\"Anderson Group Hungary\",\"description\":\"\",\"potentialAction\":[{\"@type\":\"SearchAction\",\"target\":{\"@type\":\"EntryPoint\",\"urlTemplate\":\"https:\/\/andersongh.hu\/?s={search_term_string}\"},\"query-input\":{\"@type\":\"PropertyValueSpecification\",\"valueRequired\":true,\"valueName\":\"search_term_string\"}}],\"inLanguage\":\"de\"}]}<\/script>\n<!-- \/ Yoast SEO plugin. -->","yoast_head_json":{"title":"Warum ist es das wert? - Anderson Group Hungary","robots":{"index":"index","follow":"follow","max-snippet":"max-snippet:-1","max-image-preview":"max-image-preview:large","max-video-preview":"max-video-preview:-1"},"canonical":"https:\/\/andersongh.hu\/warum-ist-es-das-wert\/","og_locale":"de_DE","og_type":"article","og_title":"Warum ist es das wert? - Anderson Group Hungary","og_description":"&nbsp; Die T\u00e4tigkeiten im B\u00fcrobereich bedeuten bei fast allen Firmen eine neben der Kernt\u00e4tigkeit obligatorisch verlaufende Belastung, die bei einem [&hellip;]","og_url":"https:\/\/andersongh.hu\/warum-ist-es-das-wert\/","og_site_name":"Anderson Group Hungary","article_modified_time":"2017-10-27T08:35:04+00:00","twitter_card":"summary_large_image","twitter_misc":{"Gesch\u00e4tzte Lesezeit":"1\u00a0Minute"},"schema":{"@context":"https:\/\/schema.org","@graph":[{"@type":"WebPage","@id":"https:\/\/andersongh.hu\/warum-ist-es-das-wert\/","url":"https:\/\/andersongh.hu\/warum-ist-es-das-wert\/","name":"Warum ist es das wert? - Anderson Group Hungary","isPartOf":{"@id":"https:\/\/andersongh.hu\/#website"},"datePublished":"2017-10-27T08:28:28+00:00","dateModified":"2017-10-27T08:35:04+00:00","breadcrumb":{"@id":"https:\/\/andersongh.hu\/warum-ist-es-das-wert\/#breadcrumb"},"inLanguage":"de","potentialAction":[{"@type":"ReadAction","target":["https:\/\/andersongh.hu\/warum-ist-es-das-wert\/"]}]},{"@type":"BreadcrumbList","@id":"https:\/\/andersongh.hu\/warum-ist-es-das-wert\/#breadcrumb","itemListElement":[{"@type":"ListItem","position":1,"name":"Kezd\u0151lap","item":"https:\/\/andersongh.hu\/"},{"@type":"ListItem","position":2,"name":"Warum ist es das wert?"}]},{"@type":"WebSite","@id":"https:\/\/andersongh.hu\/#website","url":"https:\/\/andersongh.hu\/","name":"Anderson Group Hungary","description":"","potentialAction":[{"@type":"SearchAction","target":{"@type":"EntryPoint","urlTemplate":"https:\/\/andersongh.hu\/?s={search_term_string}"},"query-input":{"@type":"PropertyValueSpecification","valueRequired":true,"valueName":"search_term_string"}}],"inLanguage":"de"}]}},"_links":{"self":[{"href":"https:\/\/andersongh.hu\/de\/wp-json\/wp\/v2\/pages\/287","targetHints":{"allow":["GET"]}}],"collection":[{"href":"https:\/\/andersongh.hu\/de\/wp-json\/wp\/v2\/pages"}],"about":[{"href":"https:\/\/andersongh.hu\/de\/wp-json\/wp\/v2\/types\/page"}],"author":[{"embeddable":true,"href":"https:\/\/andersongh.hu\/de\/wp-json\/wp\/v2\/users\/16"}],"replies":[{"embeddable":true,"href":"https:\/\/andersongh.hu\/de\/wp-json\/wp\/v2\/comments?post=287"}],"version-history":[{"count":6,"href":"https:\/\/andersongh.hu\/de\/wp-json\/wp\/v2\/pages\/287\/revisions"}],"predecessor-version":[{"id":294,"href":"https:\/\/andersongh.hu\/de\/wp-json\/wp\/v2\/pages\/287\/revisions\/294"}],"wp:attachment":[{"href":"https:\/\/andersongh.hu\/de\/wp-json\/wp\/v2\/media?parent=287"}],"curies":[{"name":"wp","href":"https:\/\/api.w.org\/{rel}","templated":true}]}}